{"id":3924,"date":"2019-10-15T13:50:19","date_gmt":"2019-10-15T13:50:19","guid":{"rendered":"https:\/\/ideasworldcup.com\/nuestros-patrocinadores\/"},"modified":"2022-02-25T12:54:58","modified_gmt":"2022-02-25T12:54:58","slug":"nuestros-patrocinadores","status":"publish","type":"page","link":"https:\/\/ideasworldcup.com\/es\/nuestros-patrocinadores\/","title":{"rendered":"Nuestros Patrocinadores"},"content":{"rendered":"\t\t<div data-elementor-type=\"wp-page\" data-elementor-id=\"3924\" class=\"elementor elementor-3924\" data-elementor-settings=\"[]\">\n\t\t\t\t\t\t\t<div class=\"elementor-section-wrap\">\n\t\t\t\t\t\t\t<section class=\"elementor-section elementor-top-section elementor-element elementor-element-ef0c24d elementor-section-stretched elementor-section-boxed elementor-section-height-default elementor-section-height-default\" data-id=\"ef0c24d\" data-element_type=\"section\" data-settings=\"{&quot;stretch_section&quot;:&quot;section-stretched&quot;}\">\n\t\t\t\t\t\t<div class=\"elementor-container elementor-column-gap-no\">\n\t\t\t\t\t<div class=\"elementor-column elementor-col-100 elementor-top-column elementor-element elementor-element-48cf113\" data-id=\"48cf113\" data-element_type=\"column\">\n\t\t\t<div class=\"elementor-widget-wrap elementor-element-populated\">\n\t\t\t\t\t\t\t\t<div class=\"elementor-section elementor-inner-section elementor-element elementor-element-9cbca07 elementor-section-boxed elementor-section-height-default elementor-section-height-default\" data-id=\"9cbca07\" data-element_type=\"section\">\n\t\t\t\t\t\t<div class=\"elementor-container elementor-column-gap-extended\">\n\t\t\t\t\t<div class=\"elementor-column elementor-col-100 elementor-inner-column elementor-element elementor-element-68b5e17\" data-id=\"68b5e17\" data-element_type=\"column\">\n\t\t\t<div class=\"elementor-widget-wrap elementor-element-populated\">\n\t\t\t\t\t\t\t\t<div class=\"elementor-element elementor-element-77c83f0 elementor-widget elementor-widget-heading\" data-id=\"77c83f0\" data-element_type=\"widget\" data-widget_type=\"heading.default\">\n\t\t\t\t<div class=\"elementor-widget-container\">\n\t\t\t<style>\/*! elementor - v3.5.5 - 03-02-2022 *\/\n.elementor-heading-title{padding:0;margin:0;line-height:1}.elementor-widget-heading .elementor-heading-title[class*=elementor-size-]>a{color:inherit;font-size:inherit;line-height:inherit}.elementor-widget-heading .elementor-heading-title.elementor-size-small{font-size:15px}.elementor-widget-heading .elementor-heading-title.elementor-size-medium{font-size:19px}.elementor-widget-heading .elementor-heading-title.elementor-size-large{font-size:29px}.elementor-widget-heading .elementor-heading-title.elementor-size-xl{font-size:39px}.elementor-widget-heading .elementor-heading-title.elementor-size-xxl{font-size:59px}<\/style><h4 class=\"elementor-heading-title elementor-size-default\"><br>Patrocinador oficial de IWC<\/h4>\t\t<\/div>\n\t\t\t\t<\/div>\n\t\t\t\t\t<\/div>\n\t\t<\/div>\n\t\t\t\t\t\t\t<\/div>\n\t\t<\/div>\n\t\t\t\t<div class=\"elementor-section elementor-inner-section elementor-element elementor-element-bc21df4 elementor-section-boxed elementor-section-height-default elementor-section-height-default\" data-id=\"bc21df4\" data-element_type=\"section\">\n\t\t\t\t\t\t<div class=\"elementor-container elementor-column-gap-extended\">\n\t\t\t\t\t<div class=\"elementor-column elementor-col-50 elementor-inner-column elementor-element elementor-element-ea19524\" data-id=\"ea19524\" data-element_type=\"column\">\n\t\t\t<div class=\"elementor-widget-wrap elementor-element-populated\">\n\t\t\t\t\t\t\t\t<div class=\"elementor-element elementor-element-b300ddc banner-scale gold-banner-scale elementor-widget elementor-widget-rx-theme-assistant-banner\" data-id=\"b300ddc\" data-element_type=\"widget\" data-widget_type=\"rx-theme-assistant-banner.default\">\n\t\t\t\t<div class=\"elementor-widget-container\">\n\t\t\t<div class=\"elementor-rx-theme-assistant-banner rx-theme-assistant-addons \"><figure class=\"rx-banner rx-effect-ruby\"><a href=\"#\" class=\"rx-banner__link\"><span class=\"rx-banner__overlay\"><\/span><img decoding=\"async\" src=\"https:\/\/ideasworldcup.com\/wp-content\/uploads\/2022\/02\/biccorp.png\" alt=\"\" class=\"rx-banner__img\">\t\t<div class=\"banner-img-hover\">\n\t\t\t<img decoding=\"async\" src=\"https:\/\/ideasworldcup.com\/wp-content\/uploads\/2022\/02\/biccorp.png\" alt=\"\" class=\"rx-banner__img\">\t\t<\/div>\n<span class=\"rx-banner__content\"><span class=\"rx-banner__content-wrap\"><\/span><\/span><\/a><\/figure><\/div>\t\t<\/div>\n\t\t\t\t<\/div>\n\t\t\t\t<div class=\"elementor-element elementor-element-e704055 elementor-view-stacked elementor-vertical-align-top elementor-widget elementor-widget-icon-box\" data-id=\"e704055\" data-element_type=\"widget\" data-widget_type=\"icon-box.default\">\n\t\t\t\t<div class=\"elementor-widget-container\">\n\t\t\t<style>\/*! elementor - v3.5.5 - 03-02-2022 *\/\n@media (min-width:768px){.elementor-widget-icon-box.elementor-position-left .elementor-icon-box-wrapper,.elementor-widget-icon-box.elementor-position-right .elementor-icon-box-wrapper{display:-webkit-box;display:-ms-flexbox;display:flex}.elementor-widget-icon-box.elementor-position-left .elementor-icon-box-icon,.elementor-widget-icon-box.elementor-position-right .elementor-icon-box-icon{display:-webkit-inline-box;display:-ms-inline-flexbox;display:inline-flex;-webkit-box-flex:0;-ms-flex:0 0 auto;flex:0 0 auto}.elementor-widget-icon-box.elementor-position-right .elementor-icon-box-wrapper{text-align:right;-webkit-box-orient:horizontal;-webkit-box-direction:reverse;-ms-flex-direction:row-reverse;flex-direction:row-reverse}.elementor-widget-icon-box.elementor-position-left .elementor-icon-box-wrapper{text-align:left;-webkit-box-orient:horizontal;-webkit-box-direction:normal;-ms-flex-direction:row;flex-direction:row}.elementor-widget-icon-box.elementor-position-top .elementor-icon-box-img{margin:auto}.elementor-widget-icon-box.elementor-vertical-align-top .elementor-icon-box-wrapper{-webkit-box-align:start;-ms-flex-align:start;align-items:flex-start}.elementor-widget-icon-box.elementor-vertical-align-middle .elementor-icon-box-wrapper{-webkit-box-align:center;-ms-flex-align:center;align-items:center}.elementor-widget-icon-box.elementor-vertical-align-bottom .elementor-icon-box-wrapper{-webkit-box-align:end;-ms-flex-align:end;align-items:flex-end}}@media (max-width:767px){.elementor-widget-icon-box .elementor-icon-box-icon{margin-left:auto!important;margin-right:auto!important;margin-bottom:15px}}.elementor-widget-icon-box .elementor-icon-box-wrapper{text-align:center}.elementor-widget-icon-box .elementor-icon-box-title a{color:inherit}.elementor-widget-icon-box .elementor-icon-box-content{-webkit-box-flex:1;-ms-flex-positive:1;flex-grow:1}.elementor-widget-icon-box .elementor-icon-box-description{margin:0}<\/style>\t\t<div class=\"elementor-icon-box-wrapper\">\n\t\t\t\t\t\t<div class=\"elementor-icon-box-content\">\n\t\t\t\t<h5 class=\"elementor-icon-box-title\">\n\t\t\t\t\t<a href=\"https:\/\/us.bic.com\/en_us\/bic-corporate-foundation\" >\n\t\t\t\t\t\tLa Fundaci\u00f3n Corporativa Bic\t\t\t\t\t<\/a>\n\t\t\t\t<\/h5>\n\t\t\t\t\t\t\t\t\t<p class=\"elementor-icon-box-description\">\n\t\t\t\t\t\tCon el sue\u00f1o de inspirar el esp\u00edritu de colaboraci\u00f3n creativa en todo el mundo, estamos muy emocionados de anunciar una colaboraci\u00f3n global con Ideas World Cup y BIC Corporate Foundation.\n\nLa misi\u00f3n principal de la Fundaci\u00f3n es impulsar programas educativos de alta calidad para todos. Con un enfoque en el desarrollo de habilidades creativas, la Fundaci\u00f3n Bic permite y empodera directamente a los participantes para construir comunidades m\u00e1s fuertes, m\u00e1s inclusivas y m\u00e1s creativas.\n\nEn 2021, la directora ejecutiva de BIC Corporate Foundation, Alison James, invit\u00f3 a un peque\u00f1o grupo de personas comprometidas (investigadores, profesionales, educadores, l\u00edderes de ONG y formuladores de pol\u00edticas) a formar Global Creativity Community Practice, tambi\u00e9n conocida como C-COP. El prop\u00f3sito de la C-COP es acelerar el desarrollo de habilidades creativas, amplificar la creatividad en el dise\u00f1o de programas educativos y promover la creatividad en la adopci\u00f3n de pol\u00edticas educativas en todo el mundo para nuestros ni\u00f1os y j\u00f3venes.\n\nEste grupo fundador se complace en anunciar el lanzamiento de nuestro manifiesto global para la creatividad en la educaci\u00f3n el 21 de abril, D\u00eda Internacional de la Creatividad. comunidad.\n\n\u00a1Compartimos una visi\u00f3n en la que la creatividad apoyar\u00e1 la evoluci\u00f3n saludable de las personas, las comunidades, las organizaciones y las empresas mientras so\u00f1amos, planificamos e imaginamos un mundo de educaci\u00f3n accesible e inspiradora para todos!\t\t\t\t\t<\/p>\n\t\t\t\t\t\t\t<\/div>\n\t\t<\/div>\n\t\t\t\t<\/div>\n\t\t\t\t<\/div>\n\t\t\t\t\t<\/div>\n\t\t<\/div>\n\t\t\t\t<div class=\"elementor-column elementor-col-50 elementor-inner-column elementor-element elementor-element-8248d74\" data-id=\"8248d74\" data-element_type=\"column\">\n\t\t\t<div class=\"elementor-widget-wrap elementor-element-populated\">\n\t\t\t\t\t\t\t\t<div class=\"elementor-element elementor-element-371b72b banner-scale gold-banner-scale elementor-widget elementor-widget-rx-theme-assistant-banner\" data-id=\"371b72b\" data-element_type=\"widget\" data-widget_type=\"rx-theme-assistant-banner.default\">\n\t\t\t\t<div class=\"elementor-widget-container\">\n\t\t\t<div class=\"elementor-rx-theme-assistant-banner rx-theme-assistant-addons \"><figure class=\"rx-banner rx-effect-ruby\"><a href=\"#\" class=\"rx-banner__link\"><span class=\"rx-banner__overlay\"><\/span><img decoding=\"async\" src=\"https:\/\/ideasworldcup.com\/wp-content\/uploads\/2022\/02\/Creative-Community-of-Practice_Logo_COLOR.png\" alt=\"\" class=\"rx-banner__img\">\t\t<div class=\"banner-img-hover\">\n\t\t\t<img decoding=\"async\" src=\"https:\/\/ideasworldcup.com\/wp-content\/uploads\/2022\/02\/Creative-Community-of-Practice_Logo_COLOR.png\" alt=\"\" class=\"rx-banner__img\">\t\t<\/div>\n<span class=\"rx-banner__content\"><span class=\"rx-banner__content-wrap\"><\/span><\/span><\/a><\/figure><\/div>\t\t<\/div>\n\t\t\t\t<\/div>\n\t\t\t\t<div class=\"elementor-element elementor-element-63b0c1a elementor-view-default elementor-vertical-align-top elementor-widget elementor-widget-icon-box\" data-id=\"63b0c1a\" data-element_type=\"widget\" data-widget_type=\"icon-box.default\">\n\t\t\t\t<div class=\"elementor-widget-container\">\n\t\t\t\t\t<div class=\"elementor-icon-box-wrapper\">\n\t\t\t\t\t\t<div class=\"elementor-icon-box-content\">\n\t\t\t\t<h5 class=\"elementor-icon-box-title\">\n\t\t\t\t\t<span  >\n\t\t\t\t\t\tComunidad Pr\u00e1ctica de Creatividad\t\t\t\t\t<\/span>\n\t\t\t\t<\/h5>\n\t\t\t\t\t\t\t\t\t<p class=\"elementor-icon-box-description\">\n\t\t\t\t\t\tComunidad Pr\u00e1ctica de Creatividad \n\nCreemos, en un contexto de r\u00e1pida transformaci\u00f3n de nuestra sociedad, nuestras econom\u00edas y nuestra fuerza laboral, que la creatividad es una habilidad esencial y un pilar fundamental para el siglo XXI. \n<br><br>\nCreemos que todos los ni\u00f1os y j\u00f3venes, independientemente de su origen, deben recibir apoyo para alcanzar su m\u00e1ximo potencial y equiparse con un conjunto de habilidades creativas que los capacite para prosperar hoy y en el futuro. \n<br><br>\nLa creatividad genera innovaci\u00f3n, genera resiliencia, inspira libertad para actuar e impulsa el cambio. \n\nLa creatividad mejora nuestra capacidad de imaginar y manifestar un futuro deseado que sirva mejor al individuo, al colectivo y a la humanidad en su conjunto. \n\n <br><br>\n\n<b>Nuestro prop\u00f3sito:<\/b> \n<br><br>\nNuestra comunidad existe para acelerar el desarrollo de habilidades creativas, amplificar la creatividad en el dise\u00f1o de programas educativos y promover la creatividad en la adopci\u00f3n de pol\u00edticas educativas en todo el mundo para nuestros ni\u00f1os y j\u00f3venes. \n\nImpulsamos el acceso equitativo a una educaci\u00f3n de calidad celebrando la pluralidad en todas sus formas y construyendo un foro abierto e inclusivo para la creaci\u00f3n y el intercambio colaborativo de conocimientos. \n\n \n\nAspiramos a ser una fuerza impulsora en la defensa de la creatividad para ni\u00f1os y j\u00f3venes en todo el mundo. \n<br><br>\n<b>\u00bfPor qu\u00e9?<\/b> \n<br><br>\nPorque es un concepto desatendido en nuestros sistemas educativos a nivel mundial. \n<br><br>\nPorque los maestros y los padres necesitan un mejor apoyo \n<br><br>\nPorque es una herramienta transformadora para impulsar la equidad social \n<br><br>\nPorque invertir en nuestros ni\u00f1os hoy, construye un futuro m\u00e1s brillante para el ma\u00f1ana \n<br><br>\n\u00danete a nosotros y sea parte de nuestra comunidad global de pr\u00e1ctica \n\nJuntos inspiraremos al mundo y co-crearemos un ecosistema educativo m\u00e1s fuerte e innovador \n\n\u00a1Uno que inspira a los ni\u00f1os de hoy, construye a los creadores de cambios del ma\u00f1ana y empodera a nuestra juventud para dejar su huella en este mundo! \t\t\t\t\t<\/p>\n\t\t\t\t\t\t\t<\/div>\n\t\t<\/div>\n\t\t\t\t<\/div>\n\t\t\t\t<\/div>\n\t\t\t\t\t<\/div>\n\t\t<\/div>\n\t\t\t\t\t\t\t<\/div>\n\t\t<\/div>\n\t\t\t\t\t<\/div>\n\t\t<\/div>\n\t\t\t\t\t\t\t<\/div>\n\t\t<\/section>\n\t\t\t\t<section class=\"elementor-section elementor-top-section elementor-element elementor-element-08ed3f0 elementor-section-stretched elementor-section-boxed elementor-section-height-default elementor-section-height-default\" data-id=\"08ed3f0\" data-element_type=\"section\" data-settings=\"{&quot;stretch_section&quot;:&quot;section-stretched&quot;}\">\n\t\t\t\t\t\t<div class=\"elementor-container elementor-column-gap-no\">\n\t\t\t\t\t<div class=\"elementor-column elementor-col-100 elementor-top-column elementor-element elementor-element-8d2d95f\" data-id=\"8d2d95f\" data-element_type=\"column\">\n\t\t\t<div class=\"elementor-widget-wrap elementor-element-populated\">\n\t\t\t\t\t\t\t\t<div class=\"elementor-section elementor-inner-section elementor-element elementor-element-a9161a5 elementor-section-boxed elementor-section-height-default elementor-section-height-default\" data-id=\"a9161a5\" data-element_type=\"section\">\n\t\t\t\t\t\t<div class=\"elementor-container elementor-column-gap-extended\">\n\t\t\t\t\t<div class=\"elementor-column elementor-col-100 elementor-inner-column elementor-element elementor-element-e273638\" data-id=\"e273638\" data-element_type=\"column\">\n\t\t\t<div class=\"elementor-widget-wrap elementor-element-populated\">\n\t\t\t\t\t\t\t\t<div class=\"elementor-element elementor-element-83fa2b9 elementor-widget elementor-widget-heading\" data-id=\"83fa2b9\" data-element_type=\"widget\" data-widget_type=\"heading.default\">\n\t\t\t\t<div class=\"elementor-widget-container\">\n\t\t\t<h6 class=\"elementor-heading-title elementor-size-default\">Convi\u00e9rtete en patrocinador.<\/h6>\t\t<\/div>\n\t\t\t\t<\/div>\n\t\t\t\t<div class=\"elementor-element elementor-element-f252587 elementor-widget__width-initial elementor-widget elementor-widget-heading\" data-id=\"f252587\" data-element_type=\"widget\" data-widget_type=\"heading.default\">\n\t\t\t\t<div class=\"elementor-widget-container\">\n\t\t\t<h2 class=\"elementor-heading-title elementor-size-default\">Vamos a cambiar el mundo juntos<\/h2>\t\t<\/div>\n\t\t\t\t<\/div>\n\t\t\t\t<div class=\"elementor-element elementor-element-2164f77 elementor-align-center elementor-widget elementor-widget-button\" data-id=\"2164f77\" data-element_type=\"widget\" data-widget_type=\"button.default\">\n\t\t\t\t<div class=\"elementor-widget-container\">\n\t\t\t\t\t<div class=\"elementor-button-wrapper\">\n\t\t\t<a href=\"https:\/\/ideasworldcup.com\/es\/conviertete-en-patrocinador\/\" class=\"elementor-button-link elementor-button elementor-size-lg\" role=\"button\">\n\t\t\t\t\t\t<span class=\"elementor-button-content-wrapper\">\n\t\t\t\t\t\t<span class=\"elementor-button-text\">CONVI\u00c9RTETE EN PATROCINADOR<\/span>\n\t\t<\/span>\n\t\t\t\t\t<\/a>\n\t\t<\/div>\n\t\t\t\t<\/div>\n\t\t\t\t<\/div>\n\t\t\t\t\t<\/div>\n\t\t<\/div>\n\t\t\t\t\t\t\t<\/div>\n\t\t<\/div>\n\t\t\t\t\t<\/div>\n\t\t<\/div>\n\t\t\t\t\t\t\t<\/div>\n\t\t<\/section>\n\t\t\t\t\t\t<\/div>\n\t\t\t\t\t<\/div>\n\t\t","protected":false},"excerpt":{"rendered":"<p>Patrocinador oficial de IWC La Fundaci\u00f3n Corporativa Bic Con el sue\u00f1o de inspirar el esp\u00edritu de colaboraci\u00f3n creativa en todo el mundo, estamos muy emocionados de anunciar una colaboraci\u00f3n global con Ideas World Cup y BIC Corporate Foundation. La misi\u00f3n principal de la Fundaci\u00f3n es impulsar programas educativos de alta calidad para todos. Con un [&hellip;]<\/p>\n","protected":false},"author":1,"featured_media":0,"parent":0,"menu_order":0,"comment_status":"closed","ping_status":"closed","template":"elementor_header_footer","meta":{"footnotes":""},"class_list":["post-3924","page","type-page","status-publish","hentry"],"yoast_head":"<!-- This site is optimized with the Yoast SEO plugin v18.2 - https:\/\/yoast.com\/wordpress\/plugins\/seo\/ -->\n<title>Nuestros Patrocinadores - Ideas World Cup<\/title>\n<meta name=\"robots\" content=\"index, follow, max-snippet:-1, max-image-preview:large, max-video-preview:-1\" \/>\n<link rel=\"canonical\" href=\"https:\/\/ideasworldcup.com\/es\/nuestros-patrocinadores\/\" \/>\n<meta property=\"og:locale\" content=\"es_ES\" \/>\n<meta property=\"og:type\" content=\"article\" \/>\n<meta property=\"og:title\" content=\"Nuestros Patrocinadores - Ideas World Cup\" \/>\n<meta property=\"og:description\" content=\"Patrocinador oficial de IWC La Fundaci\u00f3n Corporativa Bic Con el sue\u00f1o de inspirar el esp\u00edritu de colaboraci\u00f3n creativa en todo el mundo, estamos muy emocionados de anunciar una colaboraci\u00f3n global con Ideas World Cup y BIC Corporate Foundation. La misi\u00f3n principal de la Fundaci\u00f3n es impulsar programas educativos de alta calidad para todos. Con un [&hellip;]\" \/>\n<meta property=\"og:url\" content=\"https:\/\/ideasworldcup.com\/es\/nuestros-patrocinadores\/\" \/>\n<meta property=\"og:site_name\" content=\"Ideas World Cup\" \/>\n<meta property=\"article:modified_time\" content=\"2022-02-25T12:54:58+00:00\" \/>\n<meta property=\"og:image\" content=\"https:\/\/ideasworldcup.com\/wp-content\/uploads\/2022\/02\/biccorp.png\" \/>\n<meta name=\"twitter:card\" content=\"summary_large_image\" \/>\n<meta name=\"twitter:label1\" content=\"Tiempo de lectura\" \/>\n\t<meta name=\"twitter:data1\" content=\"4 minutos\" \/>\n<script type=\"application\/ld+json\" class=\"yoast-schema-graph\">{\"@context\":\"https:\/\/schema.org\",\"@graph\":[{\"@type\":\"WebSite\",\"@id\":\"https:\/\/ideasworldcup.com\/#website\",\"url\":\"https:\/\/ideasworldcup.com\/\",\"name\":\"Ideas World Cup\",\"description\":\"Join the biggest brainstorming for good in the world\",\"potentialAction\":[{\"@type\":\"SearchAction\",\"target\":{\"@type\":\"EntryPoint\",\"urlTemplate\":\"https:\/\/ideasworldcup.com\/?s={search_term_string}\"},\"query-input\":\"required name=search_term_string\"}],\"inLanguage\":\"es\"},{\"@type\":\"ImageObject\",\"@id\":\"https:\/\/ideasworldcup.com\/es\/nuestros-patrocinadores\/#primaryimage\",\"inLanguage\":\"es\",\"url\":\"https:\/\/ideasworldcup.com\/wp-content\/uploads\/2022\/02\/biccorp.png\",\"contentUrl\":\"https:\/\/ideasworldcup.com\/wp-content\/uploads\/2022\/02\/biccorp.png\",\"width\":825,\"height\":899},{\"@type\":\"WebPage\",\"@id\":\"https:\/\/ideasworldcup.com\/es\/nuestros-patrocinadores\/#webpage\",\"url\":\"https:\/\/ideasworldcup.com\/es\/nuestros-patrocinadores\/\",\"name\":\"Nuestros Patrocinadores - Ideas World Cup\",\"isPartOf\":{\"@id\":\"https:\/\/ideasworldcup.com\/#website\"},\"primaryImageOfPage\":{\"@id\":\"https:\/\/ideasworldcup.com\/es\/nuestros-patrocinadores\/#primaryimage\"},\"datePublished\":\"2019-10-15T13:50:19+00:00\",\"dateModified\":\"2022-02-25T12:54:58+00:00\",\"breadcrumb\":{\"@id\":\"https:\/\/ideasworldcup.com\/es\/nuestros-patrocinadores\/#breadcrumb\"},\"inLanguage\":\"es\",\"potentialAction\":[{\"@type\":\"ReadAction\",\"target\":[\"https:\/\/ideasworldcup.com\/es\/nuestros-patrocinadores\/\"]}]},{\"@type\":\"BreadcrumbList\",\"@id\":\"https:\/\/ideasworldcup.com\/es\/nuestros-patrocinadores\/#breadcrumb\",\"itemListElement\":[{\"@type\":\"ListItem\",\"position\":1,\"name\":\"Home\",\"item\":\"https:\/\/ideasworldcup.com\/\"},{\"@type\":\"ListItem\",\"position\":2,\"name\":\"Nuestros Patrocinadores\"}]}]}<\/script>\n<!-- \/ Yoast SEO plugin. -->","yoast_head_json":{"title":"Nuestros Patrocinadores - Ideas World Cup","robots":{"index":"index","follow":"follow","max-snippet":"max-snippet:-1","max-image-preview":"max-image-preview:large","max-video-preview":"max-video-preview:-1"},"canonical":"https:\/\/ideasworldcup.com\/es\/nuestros-patrocinadores\/","og_locale":"es_ES","og_type":"article","og_title":"Nuestros Patrocinadores - Ideas World Cup","og_description":"Patrocinador oficial de IWC La Fundaci\u00f3n Corporativa Bic Con el sue\u00f1o de inspirar el esp\u00edritu de colaboraci\u00f3n creativa en todo el mundo, estamos muy emocionados de anunciar una colaboraci\u00f3n global con Ideas World Cup y BIC Corporate Foundation. La misi\u00f3n principal de la Fundaci\u00f3n es impulsar programas educativos de alta calidad para todos. Con un [&hellip;]","og_url":"https:\/\/ideasworldcup.com\/es\/nuestros-patrocinadores\/","og_site_name":"Ideas World Cup","article_modified_time":"2022-02-25T12:54:58+00:00","og_image":[{"url":"https:\/\/ideasworldcup.com\/wp-content\/uploads\/2022\/02\/biccorp.png"}],"twitter_card":"summary_large_image","twitter_misc":{"Tiempo de lectura":"4 minutos"},"schema":{"@context":"https:\/\/schema.org","@graph":[{"@type":"WebSite","@id":"https:\/\/ideasworldcup.com\/#website","url":"https:\/\/ideasworldcup.com\/","name":"Ideas World Cup","description":"Join the biggest brainstorming for good in the world","potentialAction":[{"@type":"SearchAction","target":{"@type":"EntryPoint","urlTemplate":"https:\/\/ideasworldcup.com\/?s={search_term_string}"},"query-input":"required name=search_term_string"}],"inLanguage":"es"},{"@type":"ImageObject","@id":"https:\/\/ideasworldcup.com\/es\/nuestros-patrocinadores\/#primaryimage","inLanguage":"es","url":"https:\/\/ideasworldcup.com\/wp-content\/uploads\/2022\/02\/biccorp.png","contentUrl":"https:\/\/ideasworldcup.com\/wp-content\/uploads\/2022\/02\/biccorp.png","width":825,"height":899},{"@type":"WebPage","@id":"https:\/\/ideasworldcup.com\/es\/nuestros-patrocinadores\/#webpage","url":"https:\/\/ideasworldcup.com\/es\/nuestros-patrocinadores\/","name":"Nuestros Patrocinadores - Ideas World Cup","isPartOf":{"@id":"https:\/\/ideasworldcup.com\/#website"},"primaryImageOfPage":{"@id":"https:\/\/ideasworldcup.com\/es\/nuestros-patrocinadores\/#primaryimage"},"datePublished":"2019-10-15T13:50:19+00:00","dateModified":"2022-02-25T12:54:58+00:00","breadcrumb":{"@id":"https:\/\/ideasworldcup.com\/es\/nuestros-patrocinadores\/#breadcrumb"},"inLanguage":"es","potentialAction":[{"@type":"ReadAction","target":["https:\/\/ideasworldcup.com\/es\/nuestros-patrocinadores\/"]}]},{"@type":"BreadcrumbList","@id":"https:\/\/ideasworldcup.com\/es\/nuestros-patrocinadores\/#breadcrumb","itemListElement":[{"@type":"ListItem","position":1,"name":"Home","item":"https:\/\/ideasworldcup.com\/"},{"@type":"ListItem","position":2,"name":"Nuestros Patrocinadores"}]}]}},"acf":[],"_links":{"self":[{"href":"https:\/\/ideasworldcup.com\/es\/wp-json\/wp\/v2\/pages\/3924","targetHints":{"allow":["GET"]}}],"collection":[{"href":"https:\/\/ideasworldcup.com\/es\/wp-json\/wp\/v2\/pages"}],"about":[{"href":"https:\/\/ideasworldcup.com\/es\/wp-json\/wp\/v2\/types\/page"}],"author":[{"embeddable":true,"href":"https:\/\/ideasworldcup.com\/es\/wp-json\/wp\/v2\/users\/1"}],"replies":[{"embeddable":true,"href":"https:\/\/ideasworldcup.com\/es\/wp-json\/wp\/v2\/comments?post=3924"}],"version-history":[{"count":7,"href":"https:\/\/ideasworldcup.com\/es\/wp-json\/wp\/v2\/pages\/3924\/revisions"}],"predecessor-version":[{"id":5001,"href":"https:\/\/ideasworldcup.com\/es\/wp-json\/wp\/v2\/pages\/3924\/revisions\/5001"}],"wp:attachment":[{"href":"https:\/\/ideasworldcup.com\/es\/wp-json\/wp\/v2\/media?parent=3924"}],"curies":[{"name":"wp","href":"https:\/\/api.w.org\/{rel}","templated":true}]}}