{"id":3610,"date":"2019-10-15T13:54:49","date_gmt":"2019-10-15T13:54:49","guid":{"rendered":"https:\/\/ideasworldcup.com\/contacto\/"},"modified":"2022-04-01T07:06:29","modified_gmt":"2022-04-01T07:06:29","slug":"contacto","status":"publish","type":"page","link":"https:\/\/ideasworldcup.com\/es\/contacto\/","title":{"rendered":"Contacto"},"content":{"rendered":"\t\t<div data-elementor-type=\"wp-page\" data-elementor-id=\"3610\" class=\"elementor elementor-3610\" data-elementor-settings=\"[]\">\n\t\t\t\t\t\t\t<div class=\"elementor-section-wrap\">\n\t\t\t\t\t\t\t<section class=\"elementor-section elementor-top-section elementor-element elementor-element-70e2dff elementor-section-stretched elementor-section-boxed elementor-section-height-default elementor-section-height-default\" data-id=\"70e2dff\" data-element_type=\"section\" data-settings=\"{&quot;stretch_section&quot;:&quot;section-stretched&quot;}\">\n\t\t\t\t\t\t<div class=\"elementor-container elementor-column-gap-no\">\n\t\t\t\t\t<div class=\"elementor-column elementor-col-100 elementor-top-column elementor-element elementor-element-f30cbd1\" data-id=\"f30cbd1\" data-element_type=\"column\">\n\t\t\t<div class=\"elementor-widget-wrap elementor-element-populated\">\n\t\t\t\t\t\t\t\t<section class=\"elementor-section elementor-inner-section elementor-element elementor-element-64448d3 elementor-section-boxed elementor-section-height-default elementor-section-height-default\" data-id=\"64448d3\" data-element_type=\"section\">\n\t\t\t\t\t\t<div class=\"elementor-container elementor-column-gap-default\">\n\t\t\t\t\t<div class=\"elementor-column elementor-col-50 elementor-inner-column elementor-element elementor-element-3bb9a5e\" data-id=\"3bb9a5e\" data-element_type=\"column\">\n\t\t\t<div class=\"elementor-widget-wrap elementor-element-populated\">\n\t\t\t\t\t\t\t\t<div class=\"elementor-element elementor-element-7076536 elementor-widget elementor-widget-heading\" data-id=\"7076536\" data-element_type=\"widget\" data-widget_type=\"heading.default\">\n\t\t\t\t<div class=\"elementor-widget-container\">\n\t\t\t<style>\/*! elementor - v3.5.5 - 03-02-2022 *\/\n.elementor-heading-title{padding:0;margin:0;line-height:1}.elementor-widget-heading .elementor-heading-title[class*=elementor-size-]>a{color:inherit;font-size:inherit;line-height:inherit}.elementor-widget-heading .elementor-heading-title.elementor-size-small{font-size:15px}.elementor-widget-heading .elementor-heading-title.elementor-size-medium{font-size:19px}.elementor-widget-heading .elementor-heading-title.elementor-size-large{font-size:29px}.elementor-widget-heading .elementor-heading-title.elementor-size-xl{font-size:39px}.elementor-widget-heading .elementor-heading-title.elementor-size-xxl{font-size:59px}<\/style><h6 class=\"elementor-heading-title elementor-size-default\">contacta con nosotros<\/h6>\t\t<\/div>\n\t\t\t\t<\/div>\n\t\t\t\t<div class=\"elementor-element elementor-element-4a078dd elementor-widget elementor-widget-heading\" data-id=\"4a078dd\" data-element_type=\"widget\" data-widget_type=\"heading.default\">\n\t\t\t\t<div class=\"elementor-widget-container\">\n\t\t\t<h3 class=\"elementor-heading-title elementor-size-default\">\u00a1\u00fanete a iwc!<BR>Cont\u00e1ctanos para saber m\u00e1s<\/h3>\t\t<\/div>\n\t\t\t\t<\/div>\n\t\t\t\t\t<\/div>\n\t\t<\/div>\n\t\t\t\t<div class=\"elementor-column elementor-col-50 elementor-inner-column elementor-element elementor-element-d9220c0 cont-info-cover\" data-id=\"d9220c0\" data-element_type=\"column\" data-settings=\"{&quot;background_background&quot;:&quot;classic&quot;}\">\n\t\t\t<div class=\"elementor-widget-wrap\">\n\t\t\t\t\t\t\t\t\t<\/div>\n\t\t<\/div>\n\t\t\t\t\t\t\t<\/div>\n\t\t<\/section>\n\t\t\t\t\t<\/div>\n\t\t<\/div>\n\t\t\t\t\t\t\t<\/div>\n\t\t<\/section>\n\t\t\t\t<section class=\"elementor-section elementor-top-section elementor-element elementor-element-2037281 elementor-section-boxed elementor-section-height-default elementor-section-height-default\" data-id=\"2037281\" data-element_type=\"section\">\n\t\t\t\t\t\t<div class=\"elementor-container elementor-column-gap-default\">\n\t\t\t\t\t<div class=\"elementor-column elementor-col-100 elementor-top-column elementor-element elementor-element-3da4b6b\" data-id=\"3da4b6b\" data-element_type=\"column\">\n\t\t\t<div class=\"elementor-widget-wrap elementor-element-populated\">\n\t\t\t\t\t\t\t\t<div class=\"elementor-element elementor-element-b996a97 form-block form-contact-page elementor-widget elementor-widget-jw-contact-form-7\" data-id=\"b996a97\" data-element_type=\"widget\" data-widget_type=\"jw-contact-form-7.default\">\n\t\t\t\t<div class=\"elementor-widget-container\">\n\t\t\t<div class=\"elementor-jw-contact-form-7 jet-widgets\"><\/div>\t\t<\/div>\n\t\t\t\t<\/div>\n\t\t\t\t\t<\/div>\n\t\t<\/div>\n\t\t\t\t\t\t\t<\/div>\n\t\t<\/section>\n\t\t\t\t\t\t<\/div>\n\t\t\t\t\t<\/div>\n\t\t","protected":false},"excerpt":{"rendered":"<p>contacta con nosotros \u00a1\u00fanete a iwc!Cont\u00e1ctanos para saber m\u00e1s He le\u00eddo el Aviso Legal y acepto los T\u00e9rminos de privacidad Enviar mensaje<\/p>\n","protected":false},"author":1,"featured_media":0,"parent":0,"menu_order":0,"comment_status":"closed","ping_status":"closed","template":"elementor_header_footer","meta":{"footnotes":""},"class_list":["post-3610","page","type-page","status-publish","hentry"],"yoast_head":"<!-- This site is optimized with the Yoast SEO plugin v18.2 - https:\/\/yoast.com\/wordpress\/plugins\/seo\/ -->\n<title>Contacto - Ideas World Cup<\/title>\n<meta name=\"robots\" content=\"index, follow, max-snippet:-1, max-image-preview:large, max-video-preview:-1\" \/>\n<link rel=\"canonical\" href=\"https:\/\/ideasworldcup.com\/contact\/\" \/>\n<meta property=\"og:locale\" content=\"es_ES\" \/>\n<meta property=\"og:type\" content=\"article\" \/>\n<meta property=\"og:title\" content=\"Contacto - Ideas World Cup\" \/>\n<meta property=\"og:description\" content=\"contacta con nosotros \u00a1\u00fanete a iwc!Cont\u00e1ctanos para saber m\u00e1s He le\u00eddo el Aviso Legal y acepto los T\u00e9rminos de privacidad Enviar mensaje\" \/>\n<meta property=\"og:url\" content=\"https:\/\/ideasworldcup.com\/contact\/\" \/>\n<meta property=\"og:site_name\" content=\"Ideas World Cup\" \/>\n<meta property=\"article:modified_time\" content=\"2022-04-01T07:06:29+00:00\" \/>\n<meta name=\"twitter:card\" content=\"summary_large_image\" \/>\n<meta name=\"twitter:label1\" content=\"Tiempo de lectura\" \/>\n\t<meta name=\"twitter:data1\" content=\"1 minuto\" \/>\n<script type=\"application\/ld+json\" class=\"yoast-schema-graph\">{\"@context\":\"https:\/\/schema.org\",\"@graph\":[{\"@type\":\"WebSite\",\"@id\":\"https:\/\/ideasworldcup.com\/#website\",\"url\":\"https:\/\/ideasworldcup.com\/\",\"name\":\"Ideas World Cup\",\"description\":\"Join the biggest brainstorming for good in the world\",\"potentialAction\":[{\"@type\":\"SearchAction\",\"target\":{\"@type\":\"EntryPoint\",\"urlTemplate\":\"https:\/\/ideasworldcup.com\/?s={search_term_string}\"},\"query-input\":\"required name=search_term_string\"}],\"inLanguage\":\"es\"},{\"@type\":\"WebPage\",\"@id\":\"https:\/\/ideasworldcup.com\/contact\/#webpage\",\"url\":\"https:\/\/ideasworldcup.com\/contact\/\",\"name\":\"Contacto - Ideas World Cup\",\"isPartOf\":{\"@id\":\"https:\/\/ideasworldcup.com\/#website\"},\"datePublished\":\"2019-10-15T13:54:49+00:00\",\"dateModified\":\"2022-04-01T07:06:29+00:00\",\"breadcrumb\":{\"@id\":\"https:\/\/ideasworldcup.com\/contact\/#breadcrumb\"},\"inLanguage\":\"es\",\"potentialAction\":[{\"@type\":\"ReadAction\",\"target\":[\"https:\/\/ideasworldcup.com\/contact\/\"]}]},{\"@type\":\"BreadcrumbList\",\"@id\":\"https:\/\/ideasworldcup.com\/contact\/#breadcrumb\",\"itemListElement\":[{\"@type\":\"ListItem\",\"position\":1,\"name\":\"Home\",\"item\":\"https:\/\/ideasworldcup.com\/\"},{\"@type\":\"ListItem\",\"position\":2,\"name\":\"Contacto\"}]}]}<\/script>\n<!-- \/ Yoast SEO plugin. -->","yoast_head_json":{"title":"Contacto - Ideas World Cup","robots":{"index":"index","follow":"follow","max-snippet":"max-snippet:-1","max-image-preview":"max-image-preview:large","max-video-preview":"max-video-preview:-1"},"canonical":"https:\/\/ideasworldcup.com\/contact\/","og_locale":"es_ES","og_type":"article","og_title":"Contacto - Ideas World Cup","og_description":"contacta con nosotros \u00a1\u00fanete a iwc!Cont\u00e1ctanos para saber m\u00e1s He le\u00eddo el Aviso Legal y acepto los T\u00e9rminos de privacidad Enviar mensaje","og_url":"https:\/\/ideasworldcup.com\/contact\/","og_site_name":"Ideas World Cup","article_modified_time":"2022-04-01T07:06:29+00:00","twitter_card":"summary_large_image","twitter_misc":{"Tiempo de lectura":"1 minuto"},"schema":{"@context":"https:\/\/schema.org","@graph":[{"@type":"WebSite","@id":"https:\/\/ideasworldcup.com\/#website","url":"https:\/\/ideasworldcup.com\/","name":"Ideas World Cup","description":"Join the biggest brainstorming for good in the world","potentialAction":[{"@type":"SearchAction","target":{"@type":"EntryPoint","urlTemplate":"https:\/\/ideasworldcup.com\/?s={search_term_string}"},"query-input":"required name=search_term_string"}],"inLanguage":"es"},{"@type":"WebPage","@id":"https:\/\/ideasworldcup.com\/contact\/#webpage","url":"https:\/\/ideasworldcup.com\/contact\/","name":"Contacto - Ideas World Cup","isPartOf":{"@id":"https:\/\/ideasworldcup.com\/#website"},"datePublished":"2019-10-15T13:54:49+00:00","dateModified":"2022-04-01T07:06:29+00:00","breadcrumb":{"@id":"https:\/\/ideasworldcup.com\/contact\/#breadcrumb"},"inLanguage":"es","potentialAction":[{"@type":"ReadAction","target":["https:\/\/ideasworldcup.com\/contact\/"]}]},{"@type":"BreadcrumbList","@id":"https:\/\/ideasworldcup.com\/contact\/#breadcrumb","itemListElement":[{"@type":"ListItem","position":1,"name":"Home","item":"https:\/\/ideasworldcup.com\/"},{"@type":"ListItem","position":2,"name":"Contacto"}]}]}},"acf":[],"_links":{"self":[{"href":"https:\/\/ideasworldcup.com\/es\/wp-json\/wp\/v2\/pages\/3610","targetHints":{"allow":["GET"]}}],"collection":[{"href":"https:\/\/ideasworldcup.com\/es\/wp-json\/wp\/v2\/pages"}],"about":[{"href":"https:\/\/ideasworldcup.com\/es\/wp-json\/wp\/v2\/types\/page"}],"author":[{"embeddable":true,"href":"https:\/\/ideasworldcup.com\/es\/wp-json\/wp\/v2\/users\/1"}],"replies":[{"embeddable":true,"href":"https:\/\/ideasworldcup.com\/es\/wp-json\/wp\/v2\/comments?post=3610"}],"version-history":[{"count":34,"href":"https:\/\/ideasworldcup.com\/es\/wp-json\/wp\/v2\/pages\/3610\/revisions"}],"predecessor-version":[{"id":6312,"href":"https:\/\/ideasworldcup.com\/es\/wp-json\/wp\/v2\/pages\/3610\/revisions\/6312"}],"wp:attachment":[{"href":"https:\/\/ideasworldcup.com\/es\/wp-json\/wp\/v2\/media?parent=3610"}],"curies":[{"name":"wp","href":"https:\/\/api.w.org\/{rel}","templated":true}]}}