{"id":3598,"date":"2019-10-15T13:50:50","date_gmt":"2019-10-15T13:50:50","guid":{"rendered":"https:\/\/ideasworldcup.com\/conviertete-en-organizador\/"},"modified":"2022-03-31T16:32:19","modified_gmt":"2022-03-31T16:32:19","slug":"conviertete-en-organizador","status":"publish","type":"page","link":"https:\/\/ideasworldcup.com\/es\/conviertete-en-organizador\/","title":{"rendered":"CONVI\u00c9RTETE EN ORGANIZADOR"},"content":{"rendered":"\t\t<div data-elementor-type=\"wp-page\" data-elementor-id=\"3598\" class=\"elementor elementor-3598\" data-elementor-settings=\"[]\">\n\t\t\t\t\t\t\t<div class=\"elementor-section-wrap\">\n\t\t\t\t\t\t\t<section class=\"elementor-section elementor-top-section elementor-element elementor-element-3654b70 elementor-section-boxed elementor-section-height-default elementor-section-height-default\" data-id=\"3654b70\" data-element_type=\"section\">\n\t\t\t\t\t\t<div class=\"elementor-container elementor-column-gap-default\">\n\t\t\t\t\t<div class=\"elementor-column elementor-col-100 elementor-top-column elementor-element elementor-element-0292ec7\" data-id=\"0292ec7\" data-element_type=\"column\">\n\t\t\t<div class=\"elementor-widget-wrap elementor-element-populated\">\n\t\t\t\t\t\t\t\t<div class=\"elementor-element elementor-element-4c17ed0 elementor-widget elementor-widget-heading\" data-id=\"4c17ed0\" data-element_type=\"widget\" data-widget_type=\"heading.default\">\n\t\t\t\t<div class=\"elementor-widget-container\">\n\t\t\t<style>\/*! elementor - v3.5.5 - 03-02-2022 *\/\n.elementor-heading-title{padding:0;margin:0;line-height:1}.elementor-widget-heading .elementor-heading-title[class*=elementor-size-]>a{color:inherit;font-size:inherit;line-height:inherit}.elementor-widget-heading .elementor-heading-title.elementor-size-small{font-size:15px}.elementor-widget-heading .elementor-heading-title.elementor-size-medium{font-size:19px}.elementor-widget-heading .elementor-heading-title.elementor-size-large{font-size:29px}.elementor-widget-heading .elementor-heading-title.elementor-size-xl{font-size:39px}.elementor-widget-heading .elementor-heading-title.elementor-size-xxl{font-size:59px}<\/style><h2 class=\"elementor-heading-title elementor-size-default\">S\u00c9 UNA INSPIRACI\u00d3N CREATIVA PARA OTROS<\/h2>\t\t<\/div>\n\t\t\t\t<\/div>\n\t\t\t\t\t<\/div>\n\t\t<\/div>\n\t\t\t\t\t\t\t<\/div>\n\t\t<\/section>\n\t\t\t\t<section class=\"elementor-section elementor-top-section elementor-element elementor-element-6ee98bd elementor-section-boxed elementor-section-height-default elementor-section-height-default\" data-id=\"6ee98bd\" data-element_type=\"section\">\n\t\t\t\t\t\t<div class=\"elementor-container elementor-column-gap-default\">\n\t\t\t\t\t<div class=\"elementor-column elementor-col-100 elementor-top-column elementor-element elementor-element-7cb6537\" data-id=\"7cb6537\" data-element_type=\"column\">\n\t\t\t<div class=\"elementor-widget-wrap elementor-element-populated\">\n\t\t\t\t\t\t\t\t<div class=\"elementor-element elementor-element-3034b99 elementor-widget elementor-widget-text-editor\" data-id=\"3034b99\" data-element_type=\"widget\" data-widget_type=\"text-editor.default\">\n\t\t\t\t<div class=\"elementor-widget-container\">\n\t\t\t<style>\/*! elementor - v3.5.5 - 03-02-2022 *\/\n.elementor-widget-text-editor.elementor-drop-cap-view-stacked .elementor-drop-cap{background-color:#818a91;color:#fff}.elementor-widget-text-editor.elementor-drop-cap-view-framed .elementor-drop-cap{color:#818a91;border:3px solid;background-color:transparent}.elementor-widget-text-editor:not(.elementor-drop-cap-view-default) .elementor-drop-cap{margin-top:8px}.elementor-widget-text-editor:not(.elementor-drop-cap-view-default) .elementor-drop-cap-letter{width:1em;height:1em}.elementor-widget-text-editor .elementor-drop-cap{float:left;text-align:center;line-height:1;font-size:50px}.elementor-widget-text-editor .elementor-drop-cap-letter{display:inline-block}<\/style>\t\t\t\t<p>Los organizadores son el coraz\u00f3n de la celebraci\u00f3n. Env\u00eda tu solicitud\u00a0 si deseas convertirse en un organizador. A continuaci\u00f3n encontrar\u00e1s algunas respuestas a sus preguntas m\u00e1s comunes:<\/p><p>\u00a0<\/p><h5><span style=\"color: #ff6600;\"><strong>\u00bfQU\u00c9 ES UN ORGANIZADOR?<\/strong><\/span><\/h5><div>Los organizadores pueden ser profesionales individuales, instituciones, empresas, etc. La funci\u00f3n principal de un organizador es impulsar la participaci\u00f3n en la competici\u00f3n. Si eres un individuo puedes invitar a amigos y familiares a participar. Si eres una instituci\u00f3n, puedes hacer una actividad, un d\u00eda de IWC o incluso una semana de creatividad y celebrarlo participando con tus ideas.<\/div><div>Puedes configurar tus propios eventos y seminarios web bajo el lema de IWC, o enviar a tus invitados a uno de los muchos eventos que se llevar\u00e1n a cabo en todo el mundo.<\/div><div>\u00a0<\/div><div><h5><span style=\"color: #ff6600;\"><strong>\u00bfC\u00d3MO ME CONVIERTO EN ORGANIZADOR?<\/strong><\/span><\/h5><div>Completa el formulario e indica la ciudad y el nombre de tu centro creativo. Por ejemplo si est\u00e1s en Madrid y eres de la universidad ESADA tu evento podr\u00eda llamarse: #IWCxESADA. Todos los que generen ideas usando tu hashtag en la plataforma te agregar\u00e1n como organizador y a la ciudad en la que se encuentran. Puede haber varios organizadores en cada ciudad y puedes colaborar con otros profesionales locales.<\/div><div>\u00a0<\/div><\/div><h5><span style=\"color: #ff6600;\"><strong>\u00bfPOR QU\u00c9 DEBER\u00cdA CONVERTIRME EN ORGANIZADOR?<\/strong><\/span><\/h5><div>Los organizadores obtienen visibilidad en todo el mundo como faros creativos. No solo estar\u00e1s contribuyendo a tener un mundo m\u00e1s creativo, sino tambi\u00e9n a resolver problemas reales a los que nos enfrentamos Las personas a las que invites podr\u00edan ganar el premio a la mejor idea y t\u00fa y tu ciudad podr\u00edan obtener el premio a la ciudad m\u00e1s creativa. Es gratis, es divertido, es f\u00e1cil y es por una buena causa.<\/div><div>\u00a0<\/div><div><h5><span style=\"color: #ff6600;\"><strong>QUIERO PARTICIPAR, \u00bfC\u00d3MO EMPIEZO? <\/strong><\/span><\/h5><div>No te preocupes, estamos aqu\u00ed para ayudarte. Cuando te registres como organizador, recibir\u00e1s un conjunto de recursos para comenzar: videos, gu\u00edas y materiales de marketing para promocionar entre tus iguales. Tambi\u00e9n recibir\u00e1s el apoyo directo de nuestro grupo. \u00a1Simplemente completa el formulario a continuaci\u00f3n y cambiemos el mundo juntos!<\/div><\/div>\t\t\t\t\t\t<\/div>\n\t\t\t\t<\/div>\n\t\t\t\t\t<\/div>\n\t\t<\/div>\n\t\t\t\t\t\t\t<\/div>\n\t\t<\/section>\n\t\t\t\t<section class=\"elementor-section elementor-top-section elementor-element elementor-element-b4fbf8d elementor-section-boxed elementor-section-height-default elementor-section-height-default\" data-id=\"b4fbf8d\" data-element_type=\"section\">\n\t\t\t\t\t\t<div class=\"elementor-container elementor-column-gap-default\">\n\t\t\t\t\t<div class=\"elementor-column elementor-col-100 elementor-top-column elementor-element elementor-element-c3a1830\" data-id=\"c3a1830\" data-element_type=\"column\">\n\t\t\t<div class=\"elementor-widget-wrap elementor-element-populated\">\n\t\t\t\t\t\t\t\t<div class=\"elementor-element elementor-element-c0e4352 elementor-widget elementor-widget-heading\" data-id=\"c0e4352\" data-element_type=\"widget\" data-widget_type=\"heading.default\">\n\t\t\t\t<div class=\"elementor-widget-container\">\n\t\t\t<h2 class=\"elementor-heading-title elementor-size-default\">INSCR\u00cdBETE COMO ORGANIZADOR<\/h2>\t\t<\/div>\n\t\t\t\t<\/div>\n\t\t\t\t\t<\/div>\n\t\t<\/div>\n\t\t\t\t\t\t\t<\/div>\n\t\t<\/section>\n\t\t\t\t<section class=\"elementor-section elementor-top-section elementor-element elementor-element-3be108f elementor-section-stretched elementor-section-boxed elementor-section-height-default elementor-section-height-default\" data-id=\"3be108f\" data-element_type=\"section\" data-settings=\"{&quot;stretch_section&quot;:&quot;section-stretched&quot;}\">\n\t\t\t\t\t\t<div class=\"elementor-container elementor-column-gap-no\">\n\t\t\t\t\t<div class=\"elementor-column elementor-col-100 elementor-top-column elementor-element elementor-element-3ccd281\" data-id=\"3ccd281\" data-element_type=\"column\">\n\t\t\t<div class=\"elementor-widget-wrap elementor-element-populated\">\n\t\t\t\t\t\t\t\t<div class=\"elementor-element elementor-element-290ab05 elementor-widget elementor-widget-jw-contact-form-7\" data-id=\"290ab05\" data-element_type=\"widget\" data-widget_type=\"jw-contact-form-7.default\">\n\t\t\t\t<div class=\"elementor-widget-container\">\n\t\t\t<div class=\"elementor-jw-contact-form-7 jet-widgets\"><\/div>\t\t<\/div>\n\t\t\t\t<\/div>\n\t\t\t\t\t<\/div>\n\t\t<\/div>\n\t\t\t\t\t\t\t<\/div>\n\t\t<\/section>\n\t\t\t\t<section class=\"elementor-section elementor-top-section elementor-element elementor-element-5a0c228 elementor-section-stretched elementor-section-full_width elementor-section-height-default elementor-section-height-default\" data-id=\"5a0c228\" data-element_type=\"section\" data-settings=\"{&quot;stretch_section&quot;:&quot;section-stretched&quot;}\">\n\t\t\t\t\t\t<div class=\"elementor-container elementor-column-gap-no\">\n\t\t\t\t\t<div class=\"elementor-column elementor-col-100 elementor-top-column elementor-element elementor-element-a2fe196\" data-id=\"a2fe196\" data-element_type=\"column\">\n\t\t\t<div class=\"elementor-widget-wrap elementor-element-populated\">\n\t\t\t\t\t\t\t\t<div class=\"elementor-element elementor-element-6416abd elementor-widget-divider--view-line elementor-widget elementor-widget-divider\" data-id=\"6416abd\" data-element_type=\"widget\" data-widget_type=\"divider.default\">\n\t\t\t\t<div class=\"elementor-widget-container\">\n\t\t\t<style>\/*! elementor - v3.5.5 - 03-02-2022 *\/\n.elementor-widget-divider{--divider-border-style:none;--divider-border-width:1px;--divider-color:#2c2c2c;--divider-icon-size:20px;--divider-element-spacing:10px;--divider-pattern-height:24px;--divider-pattern-size:20px;--divider-pattern-url:none;--divider-pattern-repeat:repeat-x}.elementor-widget-divider .elementor-divider{display:-webkit-box;display:-ms-flexbox;display:flex}.elementor-widget-divider .elementor-divider__text{font-size:15px;line-height:1;max-width:95%}.elementor-widget-divider .elementor-divider__element{margin:0 var(--divider-element-spacing);-ms-flex-negative:0;flex-shrink:0}.elementor-widget-divider .elementor-icon{font-size:var(--divider-icon-size)}.elementor-widget-divider .elementor-divider-separator{display:-webkit-box;display:-ms-flexbox;display:flex;margin:0;direction:ltr}.elementor-widget-divider--view-line_icon .elementor-divider-separator,.elementor-widget-divider--view-line_text .elementor-divider-separator{-webkit-box-align:center;-ms-flex-align:center;align-items:center}.elementor-widget-divider--view-line_icon .elementor-divider-separator:after,.elementor-widget-divider--view-line_icon .elementor-divider-separator:before,.elementor-widget-divider--view-line_text .elementor-divider-separator:after,.elementor-widget-divider--view-line_text .elementor-divider-separator:before{display:block;content:\"\";border-bottom:0;-webkit-box-flex:1;-ms-flex-positive:1;flex-grow:1;border-top:var(--divider-border-width) var(--divider-border-style) var(--divider-color)}.elementor-widget-divider--element-align-left .elementor-divider .elementor-divider-separator>.elementor-divider__svg:first-of-type{-webkit-box-flex:0;-ms-flex-positive:0;flex-grow:0;-ms-flex-negative:100;flex-shrink:100}.elementor-widget-divider--element-align-left .elementor-divider-separator:before{content:none}.elementor-widget-divider--element-align-left .elementor-divider__element{margin-left:0}.elementor-widget-divider--element-align-right .elementor-divider .elementor-divider-separator>.elementor-divider__svg:last-of-type{-webkit-box-flex:0;-ms-flex-positive:0;flex-grow:0;-ms-flex-negative:100;flex-shrink:100}.elementor-widget-divider--element-align-right .elementor-divider-separator:after{content:none}.elementor-widget-divider--element-align-right .elementor-divider__element{margin-right:0}.elementor-widget-divider:not(.elementor-widget-divider--view-line_text):not(.elementor-widget-divider--view-line_icon) .elementor-divider-separator{border-top:var(--divider-border-width) var(--divider-border-style) var(--divider-color)}.elementor-widget-divider--separator-type-pattern{--divider-border-style:none}.elementor-widget-divider--separator-type-pattern.elementor-widget-divider--view-line .elementor-divider-separator,.elementor-widget-divider--separator-type-pattern:not(.elementor-widget-divider--view-line) .elementor-divider-separator:after,.elementor-widget-divider--separator-type-pattern:not(.elementor-widget-divider--view-line) .elementor-divider-separator:before,.elementor-widget-divider--separator-type-pattern:not([class*=elementor-widget-divider--view]) .elementor-divider-separator{width:100%;min-height:var(--divider-pattern-height);-webkit-mask-size:var(--divider-pattern-size) 100%;mask-size:var(--divider-pattern-size) 100%;-webkit-mask-repeat:var(--divider-pattern-repeat);mask-repeat:var(--divider-pattern-repeat);background-color:var(--divider-color);-webkit-mask-image:var(--divider-pattern-url);mask-image:var(--divider-pattern-url)}.elementor-widget-divider--no-spacing{--divider-pattern-size:auto}.elementor-widget-divider--bg-round{--divider-pattern-repeat:round}.rtl .elementor-widget-divider .elementor-divider__text{direction:rtl}<\/style>\t\t<div class=\"elementor-divider\">\n\t\t\t<span class=\"elementor-divider-separator\">\n\t\t\t\t\t\t<\/span>\n\t\t<\/div>\n\t\t\t\t<\/div>\n\t\t\t\t<\/div>\n\t\t\t\t\t<\/div>\n\t\t<\/div>\n\t\t\t\t\t\t\t<\/div>\n\t\t<\/section>\n\t\t\t\t<section class=\"elementor-section elementor-top-section elementor-element elementor-element-de0ab42 elementor-section-stretched elementor-section-full_width elementor-section-height-default elementor-section-height-default\" data-id=\"de0ab42\" data-element_type=\"section\" data-settings=\"{&quot;stretch_section&quot;:&quot;section-stretched&quot;}\">\n\t\t\t\t\t\t<div class=\"elementor-container elementor-column-gap-no\">\n\t\t\t\t\t<div class=\"elementor-column elementor-col-100 elementor-top-column elementor-element elementor-element-6ca6d66\" data-id=\"6ca6d66\" data-element_type=\"column\">\n\t\t\t<div class=\"elementor-widget-wrap elementor-element-populated\">\n\t\t\t\t\t\t\t\t<div class=\"elementor-element elementor-element-f6a55e8 elementor-widget-divider--view-line elementor-widget elementor-widget-divider\" data-id=\"f6a55e8\" data-element_type=\"widget\" data-widget_type=\"divider.default\">\n\t\t\t\t<div class=\"elementor-widget-container\">\n\t\t\t\t\t<div class=\"elementor-divider\">\n\t\t\t<span class=\"elementor-divider-separator\">\n\t\t\t\t\t\t<\/span>\n\t\t<\/div>\n\t\t\t\t<\/div>\n\t\t\t\t<\/div>\n\t\t\t\t\t<\/div>\n\t\t<\/div>\n\t\t\t\t\t\t\t<\/div>\n\t\t<\/section>\n\t\t\t\t\t\t<\/div>\n\t\t\t\t\t<\/div>\n\t\t","protected":false},"excerpt":{"rendered":"<p>S\u00c9 UNA INSPIRACI\u00d3N CREATIVA PARA OTROS Los organizadores son el coraz\u00f3n de la celebraci\u00f3n. Env\u00eda tu solicitud\u00a0 si deseas convertirse en un organizador. A continuaci\u00f3n encontrar\u00e1s algunas respuestas a sus preguntas m\u00e1s comunes: \u00a0 \u00bfQU\u00c9 ES UN ORGANIZADOR? Los organizadores pueden ser profesionales individuales, instituciones, empresas, etc. La funci\u00f3n principal de un organizador es impulsar [&hellip;]<\/p>\n","protected":false},"author":1,"featured_media":0,"parent":0,"menu_order":0,"comment_status":"closed","ping_status":"closed","template":"elementor_header_footer","meta":{"footnotes":""},"class_list":["post-3598","page","type-page","status-publish","hentry"],"yoast_head":"<!-- This site is optimized with the Yoast SEO plugin v18.2 - https:\/\/yoast.com\/wordpress\/plugins\/seo\/ -->\n<title>CONVI\u00c9RTETE EN ORGANIZADOR - Ideas World Cup<\/title>\n<meta name=\"robots\" content=\"index, follow, max-snippet:-1, max-image-preview:large, max-video-preview:-1\" \/>\n<link rel=\"canonical\" href=\"https:\/\/ideasworldcup.com\/become-an-organizer\/\" \/>\n<meta property=\"og:locale\" content=\"es_ES\" \/>\n<meta property=\"og:type\" content=\"article\" \/>\n<meta property=\"og:title\" content=\"CONVI\u00c9RTETE EN ORGANIZADOR - Ideas World Cup\" \/>\n<meta property=\"og:description\" content=\"S\u00c9 UNA INSPIRACI\u00d3N CREATIVA PARA OTROS Los organizadores son el coraz\u00f3n de la celebraci\u00f3n. Env\u00eda tu solicitud\u00a0 si deseas convertirse en un organizador. A continuaci\u00f3n encontrar\u00e1s algunas respuestas a sus preguntas m\u00e1s comunes: \u00a0 \u00bfQU\u00c9 ES UN ORGANIZADOR? Los organizadores pueden ser profesionales individuales, instituciones, empresas, etc. La funci\u00f3n principal de un organizador es impulsar [&hellip;]\" \/>\n<meta property=\"og:url\" content=\"https:\/\/ideasworldcup.com\/become-an-organizer\/\" \/>\n<meta property=\"og:site_name\" content=\"Ideas World Cup\" \/>\n<meta property=\"article:modified_time\" content=\"2022-03-31T16:32:19+00:00\" \/>\n<meta name=\"twitter:card\" content=\"summary_large_image\" \/>\n<meta name=\"twitter:label1\" content=\"Tiempo de lectura\" \/>\n\t<meta name=\"twitter:data1\" content=\"2 minutos\" \/>\n<script type=\"application\/ld+json\" class=\"yoast-schema-graph\">{\"@context\":\"https:\/\/schema.org\",\"@graph\":[{\"@type\":\"WebSite\",\"@id\":\"https:\/\/ideasworldcup.com\/#website\",\"url\":\"https:\/\/ideasworldcup.com\/\",\"name\":\"Ideas World Cup\",\"description\":\"Join the biggest brainstorming for good in the world\",\"potentialAction\":[{\"@type\":\"SearchAction\",\"target\":{\"@type\":\"EntryPoint\",\"urlTemplate\":\"https:\/\/ideasworldcup.com\/?s={search_term_string}\"},\"query-input\":\"required name=search_term_string\"}],\"inLanguage\":\"es\"},{\"@type\":\"WebPage\",\"@id\":\"https:\/\/ideasworldcup.com\/become-an-organizer\/#webpage\",\"url\":\"https:\/\/ideasworldcup.com\/become-an-organizer\/\",\"name\":\"CONVI\u00c9RTETE EN ORGANIZADOR - Ideas World Cup\",\"isPartOf\":{\"@id\":\"https:\/\/ideasworldcup.com\/#website\"},\"datePublished\":\"2019-10-15T13:50:50+00:00\",\"dateModified\":\"2022-03-31T16:32:19+00:00\",\"breadcrumb\":{\"@id\":\"https:\/\/ideasworldcup.com\/become-an-organizer\/#breadcrumb\"},\"inLanguage\":\"es\",\"potentialAction\":[{\"@type\":\"ReadAction\",\"target\":[\"https:\/\/ideasworldcup.com\/become-an-organizer\/\"]}]},{\"@type\":\"BreadcrumbList\",\"@id\":\"https:\/\/ideasworldcup.com\/become-an-organizer\/#breadcrumb\",\"itemListElement\":[{\"@type\":\"ListItem\",\"position\":1,\"name\":\"Home\",\"item\":\"https:\/\/ideasworldcup.com\/\"},{\"@type\":\"ListItem\",\"position\":2,\"name\":\"CONVI\u00c9RTETE EN ORGANIZADOR\"}]}]}<\/script>\n<!-- \/ Yoast SEO plugin. -->","yoast_head_json":{"title":"CONVI\u00c9RTETE EN ORGANIZADOR - Ideas World Cup","robots":{"index":"index","follow":"follow","max-snippet":"max-snippet:-1","max-image-preview":"max-image-preview:large","max-video-preview":"max-video-preview:-1"},"canonical":"https:\/\/ideasworldcup.com\/become-an-organizer\/","og_locale":"es_ES","og_type":"article","og_title":"CONVI\u00c9RTETE EN ORGANIZADOR - Ideas World Cup","og_description":"S\u00c9 UNA INSPIRACI\u00d3N CREATIVA PARA OTROS Los organizadores son el coraz\u00f3n de la celebraci\u00f3n. Env\u00eda tu solicitud\u00a0 si deseas convertirse en un organizador. A continuaci\u00f3n encontrar\u00e1s algunas respuestas a sus preguntas m\u00e1s comunes: \u00a0 \u00bfQU\u00c9 ES UN ORGANIZADOR? Los organizadores pueden ser profesionales individuales, instituciones, empresas, etc. La funci\u00f3n principal de un organizador es impulsar [&hellip;]","og_url":"https:\/\/ideasworldcup.com\/become-an-organizer\/","og_site_name":"Ideas World Cup","article_modified_time":"2022-03-31T16:32:19+00:00","twitter_card":"summary_large_image","twitter_misc":{"Tiempo de lectura":"2 minutos"},"schema":{"@context":"https:\/\/schema.org","@graph":[{"@type":"WebSite","@id":"https:\/\/ideasworldcup.com\/#website","url":"https:\/\/ideasworldcup.com\/","name":"Ideas World Cup","description":"Join the biggest brainstorming for good in the world","potentialAction":[{"@type":"SearchAction","target":{"@type":"EntryPoint","urlTemplate":"https:\/\/ideasworldcup.com\/?s={search_term_string}"},"query-input":"required name=search_term_string"}],"inLanguage":"es"},{"@type":"WebPage","@id":"https:\/\/ideasworldcup.com\/become-an-organizer\/#webpage","url":"https:\/\/ideasworldcup.com\/become-an-organizer\/","name":"CONVI\u00c9RTETE EN ORGANIZADOR - Ideas World Cup","isPartOf":{"@id":"https:\/\/ideasworldcup.com\/#website"},"datePublished":"2019-10-15T13:50:50+00:00","dateModified":"2022-03-31T16:32:19+00:00","breadcrumb":{"@id":"https:\/\/ideasworldcup.com\/become-an-organizer\/#breadcrumb"},"inLanguage":"es","potentialAction":[{"@type":"ReadAction","target":["https:\/\/ideasworldcup.com\/become-an-organizer\/"]}]},{"@type":"BreadcrumbList","@id":"https:\/\/ideasworldcup.com\/become-an-organizer\/#breadcrumb","itemListElement":[{"@type":"ListItem","position":1,"name":"Home","item":"https:\/\/ideasworldcup.com\/"},{"@type":"ListItem","position":2,"name":"CONVI\u00c9RTETE EN ORGANIZADOR"}]}]}},"acf":[],"_links":{"self":[{"href":"https:\/\/ideasworldcup.com\/es\/wp-json\/wp\/v2\/pages\/3598","targetHints":{"allow":["GET"]}}],"collection":[{"href":"https:\/\/ideasworldcup.com\/es\/wp-json\/wp\/v2\/pages"}],"about":[{"href":"https:\/\/ideasworldcup.com\/es\/wp-json\/wp\/v2\/types\/page"}],"author":[{"embeddable":true,"href":"https:\/\/ideasworldcup.com\/es\/wp-json\/wp\/v2\/users\/1"}],"replies":[{"embeddable":true,"href":"https:\/\/ideasworldcup.com\/es\/wp-json\/wp\/v2\/comments?post=3598"}],"version-history":[{"count":40,"href":"https:\/\/ideasworldcup.com\/es\/wp-json\/wp\/v2\/pages\/3598\/revisions"}],"predecessor-version":[{"id":6161,"href":"https:\/\/ideasworldcup.com\/es\/wp-json\/wp\/v2\/pages\/3598\/revisions\/6161"}],"wp:attachment":[{"href":"https:\/\/ideasworldcup.com\/es\/wp-json\/wp\/v2\/media?parent=3598"}],"curies":[{"name":"wp","href":"https:\/\/api.w.org\/{rel}","templated":true}]}}