{"id":3575,"date":"2019-10-15T13:49:55","date_gmt":"2019-10-15T13:49:55","guid":{"rendered":"https:\/\/ideasworldcup.com\/conviertete-en-patrocinador\/"},"modified":"2022-03-31T16:34:26","modified_gmt":"2022-03-31T16:34:26","slug":"conviertete-en-patrocinador","status":"publish","type":"page","link":"https:\/\/ideasworldcup.com\/es\/conviertete-en-patrocinador\/","title":{"rendered":"CONVI\u00c9RTETE EN PATROCINADOR"},"content":{"rendered":"\t\t<div data-elementor-type=\"wp-page\" data-elementor-id=\"3575\" class=\"elementor elementor-3575\" data-elementor-settings=\"[]\">\n\t\t\t\t\t\t\t<div class=\"elementor-section-wrap\">\n\t\t\t\t\t\t\t<section class=\"elementor-section elementor-top-section elementor-element elementor-element-8081a5f elementor-section-boxed elementor-section-height-default elementor-section-height-default\" data-id=\"8081a5f\" data-element_type=\"section\">\n\t\t\t\t\t\t<div class=\"elementor-container elementor-column-gap-default\">\n\t\t\t\t\t<div class=\"elementor-column elementor-col-100 elementor-top-column elementor-element elementor-element-77f5862\" data-id=\"77f5862\" data-element_type=\"column\">\n\t\t\t<div class=\"elementor-widget-wrap elementor-element-populated\">\n\t\t\t\t\t\t\t\t<div class=\"elementor-element elementor-element-1cd64ad elementor-widget elementor-widget-text-editor\" data-id=\"1cd64ad\" data-element_type=\"widget\" data-widget_type=\"text-editor.default\">\n\t\t\t\t<div class=\"elementor-widget-container\">\n\t\t\t<style>\/*! elementor - v3.5.5 - 03-02-2022 *\/\n.elementor-widget-text-editor.elementor-drop-cap-view-stacked .elementor-drop-cap{background-color:#818a91;color:#fff}.elementor-widget-text-editor.elementor-drop-cap-view-framed .elementor-drop-cap{color:#818a91;border:3px solid;background-color:transparent}.elementor-widget-text-editor:not(.elementor-drop-cap-view-default) .elementor-drop-cap{margin-top:8px}.elementor-widget-text-editor:not(.elementor-drop-cap-view-default) .elementor-drop-cap-letter{width:1em;height:1em}.elementor-widget-text-editor .elementor-drop-cap{float:left;text-align:center;line-height:1;font-size:50px}.elementor-widget-text-editor .elementor-drop-cap-letter{display:inline-block}<\/style>\t\t\t\t<h3 style=\"text-align: center;\">IDEAS WORLD CUP ES UN <BR>EVENTO SIN \u00c1NIMO DE LUCRO<\/h3>\n<h3 style=\"text-align: center;\">TU PATROCINIO APOYAR\u00c1 E INSPIRAR\u00c1<\/h3>\n<h3 style=\"text-align: center;\">A GENTE CREATIVA DE TODO EL MUNDO<\/h3>\t\t\t\t\t\t<\/div>\n\t\t\t\t<\/div>\n\t\t\t\t\t<\/div>\n\t\t<\/div>\n\t\t\t\t\t\t\t<\/div>\n\t\t<\/section>\n\t\t\t\t<section class=\"elementor-section elementor-top-section elementor-element elementor-element-35aa725 elementor-section-stretched elementor-section-boxed elementor-section-height-default elementor-section-height-default\" data-id=\"35aa725\" data-element_type=\"section\" data-settings=\"{&quot;stretch_section&quot;:&quot;section-stretched&quot;}\">\n\t\t\t\t\t\t<div class=\"elementor-container elementor-column-gap-no\">\n\t\t\t\t\t<div class=\"elementor-column elementor-col-100 elementor-top-column elementor-element elementor-element-6a2f4ca\" data-id=\"6a2f4ca\" data-element_type=\"column\">\n\t\t\t<div class=\"elementor-widget-wrap elementor-element-populated\">\n\t\t\t\t\t\t\t\t<section class=\"elementor-section elementor-inner-section elementor-element elementor-element-d99fe9e elementor-section-boxed elementor-section-height-default elementor-section-height-default\" data-id=\"d99fe9e\" data-element_type=\"section\">\n\t\t\t\t\t\t<div class=\"elementor-container elementor-column-gap-extended\">\n\t\t\t\t\t<div class=\"elementor-column elementor-col-100 elementor-inner-column elementor-element elementor-element-7b97b11\" data-id=\"7b97b11\" data-element_type=\"column\">\n\t\t\t<div class=\"elementor-widget-wrap elementor-element-populated\">\n\t\t\t\t\t\t\t\t<div class=\"elementor-element elementor-element-133d585 elementor-widget__width-initial elementor-widget-mobile__width-initial elementor-widget elementor-widget-rx-theme-assistant-services\" data-id=\"133d585\" data-element_type=\"widget\" data-widget_type=\"rx-theme-assistant-services.default\">\n\t\t\t\t<div class=\"elementor-widget-container\">\n\t\t\t<div class=\"elementor-rx-theme-assistant-services rx-theme-assistant-addons \"><div class=\"rx-theme-assistant-services rx-theme-assistant-services--header-position-top\">\r\n\t<div class=\"rx-theme-assistant-services__inner\">\r\n\t\t<div class=\"rx-theme-assistant-services__header\">\r\n\t\t\t<div class=\"rx-theme-assistant-services__cover\"><figure class=\"rx-theme-assistant-services__media\"><img decoding=\"async\" class=\"rx-theme-assistant-services__img-tag\" src=\"https:\/\/ideasworldcup.com\/wp-content\/uploads\/2019\/10\/icon-1.svg\" alt=\"\"><\/figure><\/div>\r\n\t\t<\/div>\r\n\t\t<div class=\"rx-theme-assistant-services__content\"><h5 class=\"rx-theme-assistant-services__title\"><span class=\"rx-theme-assistant-services__title-text\">PATROCINIO DE IDEAS<\/span><\/h5><p class=\"rx-theme-assistant-services__desc\">Apoya el desarrollo de las mejores ideas patrocinando una idea para que pase por un proceso de aceleraci\u00f3n.\n<\/p><a class=\"elementor-button elementor-size-md rx-theme-assistant-services__button rx-theme-assistant-services__button--icon-\" href=\"https:\/\/ideasworldcup.com\/es\/contacto\/\"><span class=\"rx-theme-assistant-services__button-text\">cont\u00e1ctanos<\/span><\/a><\/div>\r\n\t<\/div>\r\n<\/div>\r\n<\/div>\t\t<\/div>\n\t\t\t\t<\/div>\n\t\t\t\t<div class=\"elementor-element elementor-element-60d229f elementor-widget__width-initial elementor-widget-mobile__width-initial elementor-widget elementor-widget-rx-theme-assistant-services\" data-id=\"60d229f\" data-element_type=\"widget\" data-widget_type=\"rx-theme-assistant-services.default\">\n\t\t\t\t<div class=\"elementor-widget-container\">\n\t\t\t<div class=\"elementor-rx-theme-assistant-services rx-theme-assistant-addons \"><div class=\"rx-theme-assistant-services rx-theme-assistant-services--header-position-top\">\r\n\t<div class=\"rx-theme-assistant-services__inner\">\r\n\t\t<div class=\"rx-theme-assistant-services__header\">\r\n\t\t\t<div class=\"rx-theme-assistant-services__cover\"><figure class=\"rx-theme-assistant-services__media\"><img decoding=\"async\" class=\"rx-theme-assistant-services__img-tag\" src=\"https:\/\/ideasworldcup.com\/wp-content\/uploads\/2019\/10\/icon-2.svg\" alt=\"\"><\/figure><\/div>\r\n\t\t<\/div>\r\n\t\t<div class=\"rx-theme-assistant-services__content\"><h5 class=\"rx-theme-assistant-services__title\"><span class=\"rx-theme-assistant-services__title-text\">PATROCINIO DE EVENTOS<\/span><\/h5><p class=\"rx-theme-assistant-services__desc\">Apoya el proceso de inspiraci\u00f3n patrocinando uno de los muchos eventos que ayudan a las personas a generar m\u00e1s ideas.\n<\/p><a class=\"elementor-button elementor-size-md rx-theme-assistant-services__button rx-theme-assistant-services__button--icon-\" href=\"https:\/\/ideasworldcup.com\/es\/contacto\/\"><span class=\"rx-theme-assistant-services__button-text\">CONT\u00c1CTANOS<\/span><\/a><\/div>\r\n\t<\/div>\r\n<\/div>\r\n<\/div>\t\t<\/div>\n\t\t\t\t<\/div>\n\t\t\t\t<div class=\"elementor-element elementor-element-200e730 elementor-widget__width-initial elementor-widget-mobile__width-initial elementor-widget elementor-widget-rx-theme-assistant-services\" data-id=\"200e730\" data-element_type=\"widget\" data-widget_type=\"rx-theme-assistant-services.default\">\n\t\t\t\t<div class=\"elementor-widget-container\">\n\t\t\t<div class=\"elementor-rx-theme-assistant-services rx-theme-assistant-addons \"><div class=\"rx-theme-assistant-services rx-theme-assistant-services--header-position-top\">\r\n\t<div class=\"rx-theme-assistant-services__inner\">\r\n\t\t<div class=\"rx-theme-assistant-services__header\">\r\n\t\t\t<div class=\"rx-theme-assistant-services__cover\"><figure class=\"rx-theme-assistant-services__media\"><img decoding=\"async\" class=\"rx-theme-assistant-services__img-tag\" src=\"https:\/\/ideasworldcup.com\/wp-content\/uploads\/2019\/10\/icon-3.svg\" alt=\"\"><\/figure><\/div>\r\n\t\t<\/div>\r\n\t\t<div class=\"rx-theme-assistant-services__content\"><h5 class=\"rx-theme-assistant-services__title\"><span class=\"rx-theme-assistant-services__title-text\">PATROCINA ORGANIZADORES<\/span><\/h5><p class=\"rx-theme-assistant-services__desc\">Los organizadores son los que hacen todo esto posible, premia a los organizadores m\u00e1s creativos.\n<\/p><a class=\"elementor-button elementor-size-md rx-theme-assistant-services__button rx-theme-assistant-services__button--icon-\" href=\"https:\/\/ideasworldcup.com\/es\/contacto\/\"><span class=\"rx-theme-assistant-services__button-text\">CONT\u00c1CTANOS<\/span><\/a><\/div>\r\n\t<\/div>\r\n<\/div>\r\n<\/div>\t\t<\/div>\n\t\t\t\t<\/div>\n\t\t\t\t<div class=\"elementor-element elementor-element-e4b867d elementor-widget__width-initial elementor-widget-mobile__width-initial elementor-widget elementor-widget-rx-theme-assistant-services\" data-id=\"e4b867d\" data-element_type=\"widget\" data-widget_type=\"rx-theme-assistant-services.default\">\n\t\t\t\t<div class=\"elementor-widget-container\">\n\t\t\t<div class=\"elementor-rx-theme-assistant-services rx-theme-assistant-addons \"><div class=\"rx-theme-assistant-services rx-theme-assistant-services--header-position-top\">\r\n\t<div class=\"rx-theme-assistant-services__inner\">\r\n\t\t<div class=\"rx-theme-assistant-services__header\">\r\n\t\t\t<div class=\"rx-theme-assistant-services__cover\"><figure class=\"rx-theme-assistant-services__media\"><img decoding=\"async\" class=\"rx-theme-assistant-services__img-tag\" src=\"https:\/\/ideasworldcup.com\/wp-content\/uploads\/2019\/10\/icon-4.svg\" alt=\"\"><\/figure><\/div>\r\n\t\t<\/div>\r\n\t\t<div class=\"rx-theme-assistant-services__content\"><h5 class=\"rx-theme-assistant-services__title\"><span class=\"rx-theme-assistant-services__title-text\">PATROCINA RETOS<\/span><\/h5><p class=\"rx-theme-assistant-services__desc\">\u00bfQuieres que todo el mundo genere ideas para resolver tu reto? Puedes a\u00f1adir tu reto personalizado.\n<\/p><a class=\"elementor-button elementor-size-md rx-theme-assistant-services__button rx-theme-assistant-services__button--icon-\" href=\"https:\/\/ideasworldcup.com\/es\/contacto\/\"><span class=\"rx-theme-assistant-services__button-text\">CONT\u00c1CTANOS<\/span><\/a><\/div>\r\n\t<\/div>\r\n<\/div>\r\n<\/div>\t\t<\/div>\n\t\t\t\t<\/div>\n\t\t\t\t<div class=\"elementor-element elementor-element-cc34867 elementor-widget__width-initial elementor-widget-mobile__width-initial elementor-widget elementor-widget-rx-theme-assistant-services\" data-id=\"cc34867\" data-element_type=\"widget\" data-widget_type=\"rx-theme-assistant-services.default\">\n\t\t\t\t<div class=\"elementor-widget-container\">\n\t\t\t<div class=\"elementor-rx-theme-assistant-services rx-theme-assistant-addons \"><div class=\"rx-theme-assistant-services rx-theme-assistant-services--header-position-top\">\r\n\t<div class=\"rx-theme-assistant-services__inner\">\r\n\t\t<div class=\"rx-theme-assistant-services__header\">\r\n\t\t\t<div class=\"rx-theme-assistant-services__cover\"><figure class=\"rx-theme-assistant-services__media\"><img decoding=\"async\" class=\"rx-theme-assistant-services__img-tag\" src=\"https:\/\/ideasworldcup.com\/wp-content\/uploads\/2019\/10\/icon-5.svg\" alt=\"\"><\/figure><\/div>\r\n\t\t<\/div>\r\n\t\t<div class=\"rx-theme-assistant-services__content\"><h5 class=\"rx-theme-assistant-services__title\"><span class=\"rx-theme-assistant-services__title-text\">PATROCINA IWC<\/span><\/h5><p class=\"rx-theme-assistant-services__desc\">Convi\u00e9rtete en patrocinador principal y participa en todos los eventos, selecciona las ideas y premios finalistas y ten presencia global.\n<\/p><a class=\"elementor-button elementor-size-md rx-theme-assistant-services__button rx-theme-assistant-services__button--icon-\" href=\"https:\/\/ideasworldcup.com\/es\/contacto\/\"><span class=\"rx-theme-assistant-services__button-text\">CONT\u00c1CTANOS<\/span><\/a><\/div>\r\n\t<\/div>\r\n<\/div>\r\n<\/div>\t\t<\/div>\n\t\t\t\t<\/div>\n\t\t\t\t<div class=\"elementor-element elementor-element-d617100 elementor-widget__width-initial elementor-widget-mobile__width-initial elementor-widget elementor-widget-rx-theme-assistant-services\" data-id=\"d617100\" data-element_type=\"widget\" data-widget_type=\"rx-theme-assistant-services.default\">\n\t\t\t\t<div class=\"elementor-widget-container\">\n\t\t\t<div class=\"elementor-rx-theme-assistant-services rx-theme-assistant-addons \"><div class=\"rx-theme-assistant-services rx-theme-assistant-services--header-position-top\">\r\n\t<div class=\"rx-theme-assistant-services__inner\">\r\n\t\t<div class=\"rx-theme-assistant-services__header\">\r\n\t\t\t<div class=\"rx-theme-assistant-services__cover\"><figure class=\"rx-theme-assistant-services__media\"><img decoding=\"async\" class=\"rx-theme-assistant-services__img-tag\" src=\"https:\/\/ideasworldcup.com\/wp-content\/uploads\/2019\/10\/icon-6.svg\" alt=\"\"><\/figure><\/div>\r\n\t\t<\/div>\r\n\t\t<div class=\"rx-theme-assistant-services__content\"><h5 class=\"rx-theme-assistant-services__title\"><span class=\"rx-theme-assistant-services__title-text\">VE M\u00c1S ALL\u00c1 <\/span><\/h5><p class=\"rx-theme-assistant-services__desc\">Organiza tu \u201cIdeas World Cup\" personalizada para tu empresa, instituci\u00f3n o regi\u00f3n. Personaliza las fases, la plataforma, etc\u2026\n<\/p><a class=\"elementor-button elementor-size-md rx-theme-assistant-services__button rx-theme-assistant-services__button--icon-\" href=\"https:\/\/ideasworldcup.com\/es\/contacto\/\"><span class=\"rx-theme-assistant-services__button-text\">CONT\u00c1CTANOS<\/span><\/a><\/div>\r\n\t<\/div>\r\n<\/div>\r\n<\/div>\t\t<\/div>\n\t\t\t\t<\/div>\n\t\t\t\t\t<\/div>\n\t\t<\/div>\n\t\t\t\t\t\t\t<\/div>\n\t\t<\/section>\n\t\t\t\t\t<\/div>\n\t\t<\/div>\n\t\t\t\t\t\t\t<\/div>\n\t\t<\/section>\n\t\t\t\t\t\t<\/div>\n\t\t\t\t\t<\/div>\n\t\t","protected":false},"excerpt":{"rendered":"<p>IDEAS WORLD CUP ES UN EVENTO SIN \u00c1NIMO DE LUCRO TU PATROCINIO APOYAR\u00c1 E INSPIRAR\u00c1 A GENTE CREATIVA DE TODO EL MUNDO PATROCINIO DE IDEAS Apoya el desarrollo de las mejores ideas patrocinando una idea para que pase por un proceso de aceleraci\u00f3n. cont\u00e1ctanos PATROCINIO DE EVENTOS Apoya el proceso de inspiraci\u00f3n patrocinando uno de [&hellip;]<\/p>\n","protected":false},"author":1,"featured_media":0,"parent":0,"menu_order":0,"comment_status":"closed","ping_status":"closed","template":"elementor_header_footer","meta":{"footnotes":""},"class_list":["post-3575","page","type-page","status-publish","hentry"],"yoast_head":"<!-- This site is optimized with the Yoast SEO plugin v18.2 - https:\/\/yoast.com\/wordpress\/plugins\/seo\/ -->\n<title>CONVI\u00c9RTETE EN PATROCINADOR - Ideas World Cup<\/title>\n<meta name=\"robots\" content=\"index, follow, max-snippet:-1, max-image-preview:large, max-video-preview:-1\" \/>\n<link rel=\"canonical\" href=\"https:\/\/ideasworldcup.com\/become-a-sponsor\/\" \/>\n<meta property=\"og:locale\" content=\"es_ES\" \/>\n<meta property=\"og:type\" content=\"article\" \/>\n<meta property=\"og:title\" content=\"CONVI\u00c9RTETE EN PATROCINADOR - Ideas World Cup\" \/>\n<meta property=\"og:description\" content=\"IDEAS WORLD CUP ES UN EVENTO SIN \u00c1NIMO DE LUCRO TU PATROCINIO APOYAR\u00c1 E INSPIRAR\u00c1 A GENTE CREATIVA DE TODO EL MUNDO PATROCINIO DE IDEAS Apoya el desarrollo de las mejores ideas patrocinando una idea para que pase por un proceso de aceleraci\u00f3n. cont\u00e1ctanos PATROCINIO DE EVENTOS Apoya el proceso de inspiraci\u00f3n patrocinando uno de [&hellip;]\" \/>\n<meta property=\"og:url\" content=\"https:\/\/ideasworldcup.com\/become-a-sponsor\/\" \/>\n<meta property=\"og:site_name\" content=\"Ideas World Cup\" \/>\n<meta property=\"article:modified_time\" content=\"2022-03-31T16:34:26+00:00\" \/>\n<meta property=\"og:image\" content=\"https:\/\/ideasworldcup.com\/wp-content\/uploads\/2019\/10\/icon-1.svg\" \/>\n<meta name=\"twitter:card\" content=\"summary_large_image\" \/>\n<meta name=\"twitter:label1\" content=\"Tiempo de lectura\" \/>\n\t<meta name=\"twitter:data1\" content=\"2 minutos\" \/>\n<script type=\"application\/ld+json\" class=\"yoast-schema-graph\">{\"@context\":\"https:\/\/schema.org\",\"@graph\":[{\"@type\":\"WebSite\",\"@id\":\"https:\/\/ideasworldcup.com\/#website\",\"url\":\"https:\/\/ideasworldcup.com\/\",\"name\":\"Ideas World Cup\",\"description\":\"Join the biggest brainstorming for good in the world\",\"potentialAction\":[{\"@type\":\"SearchAction\",\"target\":{\"@type\":\"EntryPoint\",\"urlTemplate\":\"https:\/\/ideasworldcup.com\/?s={search_term_string}\"},\"query-input\":\"required name=search_term_string\"}],\"inLanguage\":\"es\"},{\"@type\":\"ImageObject\",\"@id\":\"https:\/\/ideasworldcup.com\/become-a-sponsor\/#primaryimage\",\"inLanguage\":\"es\",\"url\":\"https:\/\/ideasworldcup.com\/wp-content\/uploads\/2019\/10\/icon-1.svg\",\"contentUrl\":\"https:\/\/ideasworldcup.com\/wp-content\/uploads\/2019\/10\/icon-1.svg\",\"width\":60,\"height\":60},{\"@type\":\"WebPage\",\"@id\":\"https:\/\/ideasworldcup.com\/become-a-sponsor\/#webpage\",\"url\":\"https:\/\/ideasworldcup.com\/become-a-sponsor\/\",\"name\":\"CONVI\u00c9RTETE EN PATROCINADOR - Ideas World Cup\",\"isPartOf\":{\"@id\":\"https:\/\/ideasworldcup.com\/#website\"},\"primaryImageOfPage\":{\"@id\":\"https:\/\/ideasworldcup.com\/become-a-sponsor\/#primaryimage\"},\"datePublished\":\"2019-10-15T13:49:55+00:00\",\"dateModified\":\"2022-03-31T16:34:26+00:00\",\"breadcrumb\":{\"@id\":\"https:\/\/ideasworldcup.com\/become-a-sponsor\/#breadcrumb\"},\"inLanguage\":\"es\",\"potentialAction\":[{\"@type\":\"ReadAction\",\"target\":[\"https:\/\/ideasworldcup.com\/become-a-sponsor\/\"]}]},{\"@type\":\"BreadcrumbList\",\"@id\":\"https:\/\/ideasworldcup.com\/become-a-sponsor\/#breadcrumb\",\"itemListElement\":[{\"@type\":\"ListItem\",\"position\":1,\"name\":\"Home\",\"item\":\"https:\/\/ideasworldcup.com\/\"},{\"@type\":\"ListItem\",\"position\":2,\"name\":\"CONVI\u00c9RTETE EN PATROCINADOR\"}]}]}<\/script>\n<!-- \/ Yoast SEO plugin. -->","yoast_head_json":{"title":"CONVI\u00c9RTETE EN PATROCINADOR - Ideas World Cup","robots":{"index":"index","follow":"follow","max-snippet":"max-snippet:-1","max-image-preview":"max-image-preview:large","max-video-preview":"max-video-preview:-1"},"canonical":"https:\/\/ideasworldcup.com\/become-a-sponsor\/","og_locale":"es_ES","og_type":"article","og_title":"CONVI\u00c9RTETE EN PATROCINADOR - Ideas World Cup","og_description":"IDEAS WORLD CUP ES UN EVENTO SIN \u00c1NIMO DE LUCRO TU PATROCINIO APOYAR\u00c1 E INSPIRAR\u00c1 A GENTE CREATIVA DE TODO EL MUNDO PATROCINIO DE IDEAS Apoya el desarrollo de las mejores ideas patrocinando una idea para que pase por un proceso de aceleraci\u00f3n. cont\u00e1ctanos PATROCINIO DE EVENTOS Apoya el proceso de inspiraci\u00f3n patrocinando uno de [&hellip;]","og_url":"https:\/\/ideasworldcup.com\/become-a-sponsor\/","og_site_name":"Ideas World Cup","article_modified_time":"2022-03-31T16:34:26+00:00","og_image":[{"url":"https:\/\/ideasworldcup.com\/wp-content\/uploads\/2019\/10\/icon-1.svg"}],"twitter_card":"summary_large_image","twitter_misc":{"Tiempo de lectura":"2 minutos"},"schema":{"@context":"https:\/\/schema.org","@graph":[{"@type":"WebSite","@id":"https:\/\/ideasworldcup.com\/#website","url":"https:\/\/ideasworldcup.com\/","name":"Ideas World Cup","description":"Join the biggest brainstorming for good in the world","potentialAction":[{"@type":"SearchAction","target":{"@type":"EntryPoint","urlTemplate":"https:\/\/ideasworldcup.com\/?s={search_term_string}"},"query-input":"required name=search_term_string"}],"inLanguage":"es"},{"@type":"ImageObject","@id":"https:\/\/ideasworldcup.com\/become-a-sponsor\/#primaryimage","inLanguage":"es","url":"https:\/\/ideasworldcup.com\/wp-content\/uploads\/2019\/10\/icon-1.svg","contentUrl":"https:\/\/ideasworldcup.com\/wp-content\/uploads\/2019\/10\/icon-1.svg","width":60,"height":60},{"@type":"WebPage","@id":"https:\/\/ideasworldcup.com\/become-a-sponsor\/#webpage","url":"https:\/\/ideasworldcup.com\/become-a-sponsor\/","name":"CONVI\u00c9RTETE EN PATROCINADOR - Ideas World Cup","isPartOf":{"@id":"https:\/\/ideasworldcup.com\/#website"},"primaryImageOfPage":{"@id":"https:\/\/ideasworldcup.com\/become-a-sponsor\/#primaryimage"},"datePublished":"2019-10-15T13:49:55+00:00","dateModified":"2022-03-31T16:34:26+00:00","breadcrumb":{"@id":"https:\/\/ideasworldcup.com\/become-a-sponsor\/#breadcrumb"},"inLanguage":"es","potentialAction":[{"@type":"ReadAction","target":["https:\/\/ideasworldcup.com\/become-a-sponsor\/"]}]},{"@type":"BreadcrumbList","@id":"https:\/\/ideasworldcup.com\/become-a-sponsor\/#breadcrumb","itemListElement":[{"@type":"ListItem","position":1,"name":"Home","item":"https:\/\/ideasworldcup.com\/"},{"@type":"ListItem","position":2,"name":"CONVI\u00c9RTETE EN PATROCINADOR"}]}]}},"acf":[],"_links":{"self":[{"href":"https:\/\/ideasworldcup.com\/es\/wp-json\/wp\/v2\/pages\/3575","targetHints":{"allow":["GET"]}}],"collection":[{"href":"https:\/\/ideasworldcup.com\/es\/wp-json\/wp\/v2\/pages"}],"about":[{"href":"https:\/\/ideasworldcup.com\/es\/wp-json\/wp\/v2\/types\/page"}],"author":[{"embeddable":true,"href":"https:\/\/ideasworldcup.com\/es\/wp-json\/wp\/v2\/users\/1"}],"replies":[{"embeddable":true,"href":"https:\/\/ideasworldcup.com\/es\/wp-json\/wp\/v2\/comments?post=3575"}],"version-history":[{"count":46,"href":"https:\/\/ideasworldcup.com\/es\/wp-json\/wp\/v2\/pages\/3575\/revisions"}],"predecessor-version":[{"id":6167,"href":"https:\/\/ideasworldcup.com\/es\/wp-json\/wp\/v2\/pages\/3575\/revisions\/6167"}],"wp:attachment":[{"href":"https:\/\/ideasworldcup.com\/es\/wp-json\/wp\/v2\/media?parent=3575"}],"curies":[{"name":"wp","href":"https:\/\/api.w.org\/{rel}","templated":true}]}}